{"id":103,"date":"2015-07-05T20:35:01","date_gmt":"2015-07-06T00:35:01","guid":{"rendered":"http:\/\/luniserver.com\/?page_id=103"},"modified":"2016-01-23T19:23:54","modified_gmt":"2016-01-24T00:23:54","slug":"info","status":"publish","type":"page","link":"https:\/\/luniserver.com\/de\/info\/","title":{"rendered":"Info"},"content":{"rendered":"<p>\n<!-- Page-list plugin v.5.9 wordpress.org\/plugins\/page-list\/ -->\n<ul class=\"page-list subpages-page-list \">\n<li class=\"page_item page-item-2938\"><a href=\"https:\/\/luniserver.com\/de\/info\/people\/\">Mitwirkende<\/a><\/li>\n<li class=\"page_item page-item-108\"><a href=\"https:\/\/luniserver.com\/de\/info\/world\/\">Welt<\/a><\/li>\n<li class=\"page_item page-item-265\"><a href=\"https:\/\/luniserver.com\/de\/info\/faq\/\">FAQ<\/a><\/li>\n<li class=\"page_item page-item-133\"><a href=\"https:\/\/luniserver.com\/de\/info\/objects\/\">Objects<\/a><\/li>\n\n<\/ul><\/p>","protected":false},"excerpt":{"rendered":"<p>Leider ist der Eintrag nur auf English verf\u00fcgbar. Der Inhalt wird unten in einer verf\u00fcgbaren Sprache angezeigt. Klicken Sie auf den Link, um die aktuelle Sprache zu \u00e4ndern.<\/p>\n","protected":false},"author":1,"featured_media":0,"parent":0,"menu_order":0,"comment_status":"closed","ping_status":"closed","template":"","meta":{"_bbp_topic_count":0,"_bbp_reply_count":0,"_bbp_total_topic_count":0,"_bbp_total_reply_count":0,"_bbp_voice_count":0,"_bbp_anonymous_reply_count":0,"_bbp_topic_count_hidden":0,"_bbp_reply_count_hidden":0,"_bbp_forum_subforum_count":0,"_monsterinsights_skip_tracking":false,"_monsterinsights_sitenote_active":false,"_monsterinsights_sitenote_note":"","_monsterinsights_sitenote_category":0,"footnotes":""},"class_list":["post-103","page","type-page","status-publish","hentry"],"_links":{"self":[{"href":"https:\/\/luniserver.com\/de\/wp-json\/wp\/v2\/pages\/103","targetHints":{"allow":["GET"]}}],"collection":[{"href":"https:\/\/luniserver.com\/de\/wp-json\/wp\/v2\/pages"}],"about":[{"href":"https:\/\/luniserver.com\/de\/wp-json\/wp\/v2\/types\/page"}],"author":[{"embeddable":true,"href":"https:\/\/luniserver.com\/de\/wp-json\/wp\/v2\/users\/1"}],"replies":[{"embeddable":true,"href":"https:\/\/luniserver.com\/de\/wp-json\/wp\/v2\/comments?post=103"}],"version-history":[{"count":1,"href":"https:\/\/luniserver.com\/de\/wp-json\/wp\/v2\/pages\/103\/revisions"}],"predecessor-version":[{"id":3142,"href":"https:\/\/luniserver.com\/de\/wp-json\/wp\/v2\/pages\/103\/revisions\/3142"}],"wp:attachment":[{"href":"https:\/\/luniserver.com\/de\/wp-json\/wp\/v2\/media?parent=103"}],"curies":[{"name":"wp","href":"https:\/\/api.w.org\/{rel}","templated":true}]}}