{"id":8,"date":"2015-04-08T12:48:52","date_gmt":"2015-04-08T16:48:52","guid":{"rendered":"http:\/\/luniserver.com\/?page_id=8"},"modified":"2016-01-25T14:36:21","modified_gmt":"2016-01-25T19:36:21","slug":"luni","status":"publish","type":"page","link":"https:\/\/luniserver.com\/de\/","title":{"rendered":"Home"},"content":{"rendered":"<p><strong>LUNI<\/strong> (<strong>L<\/strong>EGO <strong>U<\/strong>niverse <strong>N<\/strong>ewly <strong>I<\/strong>magined, vorher eine Abk\u00fcrzung f\u00fcr <strong>L<\/strong>EGO <strong>Uni<\/strong>verse oder <strong>L<\/strong>eggendary <strong>U<\/strong>niverse <strong>N<\/strong>ations <strong>I<\/strong>perspace) ist eine gemeinn\u00fctzige Bem\u00fchung von Fans, bei der ein Server-Emulator f\u00fcr das MMOG LEGO Universe geschaffen wird (in C++ mithilfe von RakNet und MySQL geschrieben). Au\u00dferdem werden auch andere M\u00f6glichkeiten f\u00fcr die Webbasierte Management-Schnittstelle zur Verf\u00fcgung gestellt.<\/p>\n<p>LEGO Universe, ein Spiel, das von NetDevil in Zusammenarbeit mit Der Lego Gruppe entwickelt und von WarnerBros Interactive Entertainment verbreitet wurde, startete am 26.Oktober 2010 und wurde am 30.Januar 2012 mit Monate vorher angesagten Schlie\u00dfung abgeschalten. Seit der Bekanntgabe der Schlie\u00dfung haben Benutzer nach M\u00f6glichkeiten gesucht, das Spiel zu retten. Schlie\u00dflich wurde das LUNI Server Projekt gegr\u00fcndet und sp\u00e4ter eingeschr\u00e4nkte Erlaubnis (<a href=\"http:\/\/timtechsoftware.com\/wp-content\/uploads\/2014\/09\/LU-official.png\" target=\"_blank\">siehe E-Mail<\/a>) von Der LEGO Gruppe gegeben, das Projekt weiterzuf\u00fchren.<\/p>\n<p>Ab ungef\u00e4hr August 2013 startete eine gro\u00dfe Unstimmigkeit rund um das Re-Hosting der LUNI Server Software. Das hat viele Meinungsverschiedenheiten in der Community (insbesondere bei den Entwicklern, da viele derer entschieden haben lieber alleine weiterzuprogrammieren) zur Folge gehabt. Das blieb bis Mitte 2015 so, als Anfang Juni eine Reihe von Vereinbarungen und Verst\u00e4ndnisse dem LUNI Server Projekt dazu verholfen haben, es wieder weiterzuprogrammieren und nochmals so zu starten, dass es f\u00fcr die Entwickler und die Community einfacher ist, es zu optimieren.<\/p>","protected":false},"excerpt":{"rendered":"<p>LUNI (LEGO Universe Newly Imagined, vorher eine Abk\u00fcrzung f\u00fcr LEGO Universe oder Leggendary Universe Nations Iperspace) ist eine gemeinn\u00fctzige Bem\u00fchung von Fans, bei der ein Server-Emulator f\u00fcr das MMOG LEGO Universe geschaffen wird (in C++ mithilfe von RakNet und MySQL geschrieben). Au\u00dferdem werden auch andere M\u00f6glichkeiten f\u00fcr die Webbasierte Management-Schnittstelle zur Verf\u00fcgung gestellt. LEGO Universe, [&hellip;]<\/p>\n","protected":false},"author":1,"featured_media":0,"parent":0,"menu_order":-1,"comment_status":"closed","ping_status":"closed","template":"","meta":{"_bbp_topic_count":0,"_bbp_reply_count":0,"_bbp_total_topic_count":0,"_bbp_total_reply_count":0,"_bbp_voice_count":0,"_bbp_anonymous_reply_count":0,"_bbp_topic_count_hidden":0,"_bbp_reply_count_hidden":0,"_bbp_forum_subforum_count":0,"_monsterinsights_skip_tracking":false,"_monsterinsights_sitenote_active":false,"_monsterinsights_sitenote_note":"","_monsterinsights_sitenote_category":0,"footnotes":""},"class_list":["post-8","page","type-page","status-publish","hentry"],"_links":{"self":[{"href":"https:\/\/luniserver.com\/de\/wp-json\/wp\/v2\/pages\/8","targetHints":{"allow":["GET"]}}],"collection":[{"href":"https:\/\/luniserver.com\/de\/wp-json\/wp\/v2\/pages"}],"about":[{"href":"https:\/\/luniserver.com\/de\/wp-json\/wp\/v2\/types\/page"}],"author":[{"embeddable":true,"href":"https:\/\/luniserver.com\/de\/wp-json\/wp\/v2\/users\/1"}],"replies":[{"embeddable":true,"href":"https:\/\/luniserver.com\/de\/wp-json\/wp\/v2\/comments?post=8"}],"version-history":[{"count":1,"href":"https:\/\/luniserver.com\/de\/wp-json\/wp\/v2\/pages\/8\/revisions"}],"predecessor-version":[{"id":3205,"href":"https:\/\/luniserver.com\/de\/wp-json\/wp\/v2\/pages\/8\/revisions\/3205"}],"wp:attachment":[{"href":"https:\/\/luniserver.com\/de\/wp-json\/wp\/v2\/media?parent=8"}],"curies":[{"name":"wp","href":"https:\/\/api.w.org\/{rel}","templated":true}]}}