{"id":265,"date":"2015-08-25T15:30:42","date_gmt":"2015-08-25T19:30:42","guid":{"rendered":"http:\/\/luniserver.com\/?page_id=265"},"modified":"2015-10-31T16:28:14","modified_gmt":"2015-10-31T20:28:14","slug":"faq","status":"publish","type":"page","link":"https:\/\/luniserver.com\/es\/info\/faq\/","title":{"rendered":"FAQ"},"content":{"rendered":"<p>Aqu\u00ed puedes encontrar respuestas a algunas de las preguntas m\u00e1s frecuentes. Est\u00e1 en desarrollo, y traducido por Timtech.<\/p>\n<h2>Legalidad<\/h2>\n<p>P: \u00bfTiene permiso del Grupo LEGO para operar?<br \/>\nR: \u00abEl Grupo LEGO no ha aceptado o autorizado el funcionamiento de este juego y no es responsable de los problemas de seguridad en relaci\u00f3n con la operaci\u00f3n de este juego.\u00bb Puede ver la direcci\u00f3n de correo que hemos recibido de los representantes de LEGO <a href=\"http:\/\/timtechsoftware.com\/wp-content\/uploads\/2014\/09\/LU-official.png\">aqu\u00ed<\/a>.<\/p>\n<p>P: \u00bfEl grupo LEGO ayudarte con este juego?<br \/>\nR: No.<\/p>\n<p>P: Me di cuenta de que LUNI es una marca registrada. \u00bfDe verdad va a trav\u00e9s del proceso legal, y por qu\u00e9?<br \/>\nR: En los Estados Unidos, no es necesario tener el registro federal ni estatal para obtener la protecci\u00f3n de marcas de derecho com\u00fan. Podemos utilizar esta protecci\u00f3n para eliminar los v\u00eddeos de YouTube y otros medios de comunicaci\u00f3n que tergiversan la LUNI Server. Consulte el \u00ab<a title=\"Lanham Act\" href=\"https:\/\/en.wikipedia.org\/wiki\/Lanham_Act\">Lanham Act<\/a>\u00bb (15 USC \u00a7 1125).<\/p>\n<h2>Cliente<\/h2>\n<p>P: Perd\u00ed el disco de LEGO Universe, o desinstalado de mi computadora. \u00bfD\u00f3nde puedo descargar el cliente?<br \/>\nR: El cliente est\u00e1 disponible en <a href=\"http:\/\/luniserver.com\/es\/download\">http:\/\/luniserver.com\/es\/download<\/a>. S\u00f3lo tienes que buscar el enlace que dice \u00abCliente Recomendado\u00bb.<\/p>\n<p>P: Todav\u00eda tengo el cliente en mi computadora o en un CD. \u00bfTengo que volver a descargarlo?<br \/>\nR: S\u00ed. Probablemente usted no tiene muchos archivos. A menos que tenga un tama\u00f1o total de m\u00e1s de 10 GB debe volver a descargarlo.<\/p>\n<p>P: \u00bfPor qu\u00e9 debo torrent el cliente?<br \/>\nR: Porque tiene un tama\u00f1o de 12,5 GB, el cliente es dif\u00edcil de descarga con algunos navegadores web. Mantenimiento de los servidores tambi\u00e9n puede causar un problema.<\/p>\n<p>P: \u00bfQu\u00e9 cliente de torrent debo usar?<br \/>\nR: Usa <a href=\"http:\/\/www.qbittorrent.org\/\">qBittorrent<\/a>.<\/p>\n<p>P: Mi cliente tiene el archivo \u00ablegouniverse_mac.exe\u00bb en lugar de \u00ablegouniverse.exe\u00bb. \u00bfFuncionar\u00e1?<br \/>\nR: S\u00ed, ambos archivos funciona en Windows (pero no en Mac, al menos no sin una m\u00e1quina virtual).<\/p>\n<p>P: No tengo la \u00abboot.cfg\u00bb archivo, s\u00f3lo \u00abboot\u00bb. \u00bfLo que est\u00e1 mal?<br \/>\nR: Usted tiene extensiones de archivos ocultos. No importa si est\u00e1n o no est\u00e1n ocultos, ya que \u00abboot\u00bb es realmente \u00abboot.cfg\u00bb.<\/p>\n<p>P: Edit\u00e9 boot.cfg pero no cambia nada. \u00bfQu\u00e9 hice mal?<br \/>\nR: La mayor\u00eda de los clientes tienen tanto \u00abboot.cfg\u00bb y \u00abboot.cfg.bak\u00bb. Si usted tiene extensiones de archivos ocultos (ver la pregunta anterior), tendr\u00e1 archivos \u00abboot\u00bb y \u00abboot.cfg\u00bb. En este caso, debe editar \u00abboot\u00bb, ya que es realmente \u00abboot.cfg\u00bb.<\/p>\n<p>Q: Is a German&#8230; (est\u00e1 en desarrollo)<\/p>","protected":false},"excerpt":{"rendered":"<p>Aqu\u00ed puedes encontrar respuestas a algunas de las preguntas m\u00e1s frecuentes. Est\u00e1 en desarrollo, y traducido por Timtech. Legalidad P: \u00bfTiene permiso del Grupo LEGO para operar? R: \u00abEl Grupo LEGO no ha aceptado o autorizado el funcionamiento de este juego y no es responsable de los problemas de seguridad en relaci\u00f3n con la operaci\u00f3n [&hellip;]<\/p>\n","protected":false},"author":1,"featured_media":0,"parent":103,"menu_order":0,"comment_status":"closed","ping_status":"closed","template":"","meta":{"_bbp_topic_count":0,"_bbp_reply_count":0,"_bbp_total_topic_count":0,"_bbp_total_reply_count":0,"_bbp_voice_count":0,"_bbp_anonymous_reply_count":0,"_bbp_topic_count_hidden":0,"_bbp_reply_count_hidden":0,"_bbp_forum_subforum_count":0,"_monsterinsights_skip_tracking":false,"_monsterinsights_sitenote_active":false,"_monsterinsights_sitenote_note":"","_monsterinsights_sitenote_category":0,"footnotes":""},"class_list":["post-265","page","type-page","status-publish","hentry"],"_links":{"self":[{"href":"https:\/\/luniserver.com\/es\/wp-json\/wp\/v2\/pages\/265","targetHints":{"allow":["GET"]}}],"collection":[{"href":"https:\/\/luniserver.com\/es\/wp-json\/wp\/v2\/pages"}],"about":[{"href":"https:\/\/luniserver.com\/es\/wp-json\/wp\/v2\/types\/page"}],"author":[{"embeddable":true,"href":"https:\/\/luniserver.com\/es\/wp-json\/wp\/v2\/users\/1"}],"replies":[{"embeddable":true,"href":"https:\/\/luniserver.com\/es\/wp-json\/wp\/v2\/comments?post=265"}],"version-history":[{"count":2,"href":"https:\/\/luniserver.com\/es\/wp-json\/wp\/v2\/pages\/265\/revisions"}],"predecessor-version":[{"id":1941,"href":"https:\/\/luniserver.com\/es\/wp-json\/wp\/v2\/pages\/265\/revisions\/1941"}],"up":[{"embeddable":true,"href":"https:\/\/luniserver.com\/es\/wp-json\/wp\/v2\/pages\/103"}],"wp:attachment":[{"href":"https:\/\/luniserver.com\/es\/wp-json\/wp\/v2\/media?parent=265"}],"curies":[{"name":"wp","href":"https:\/\/api.w.org\/{rel}","templated":true}]}}