{"id":8,"date":"2015-04-08T12:48:52","date_gmt":"2015-04-08T16:48:52","guid":{"rendered":"http:\/\/luniserver.com\/?page_id=8"},"modified":"2016-01-25T14:36:21","modified_gmt":"2016-01-25T19:36:21","slug":"luni","status":"publish","type":"page","link":"https:\/\/luniserver.com\/es\/","title":{"rendered":"Inicio"},"content":{"rendered":"<p><strong>LUNI<\/strong> (<strong>L<\/strong>EGO <strong>U<\/strong>niverse <strong>N<\/strong>uevamente <strong>I<\/strong>maginado, o <strong>L<\/strong>EGO <strong>U<\/strong>niverse <strong>N<\/strong>ewly <strong>I<\/strong>magined en Ingl\u00e9s) es un esfuerzo sin fines de lucro por los aficionados que crean un emulador de servidor para el LEGO Universe MMOG, escrito en C ++ con RakNet y MySQL.<\/p>\n<p>LEGO Universe, un juego desarrollado por NetDevil para el Grupo LEGO y distribuida por Warner Bros. Interactive Entertainment, lanzado el 26 de octubre del 2010 y se cerr\u00f3 el 30 de enero del 2012, con la noticia del cierre anunciado unos meses antes. En este punto, los usuarios activamente buscaron posibilidades para el juego para ser preservado. Eventualmente, el Proyecto LUNI Servidor se form\u00f3, y m\u00e1s tarde se le concedi\u00f3 permiso limitado (<a href=\"http:\/\/timtechsoftware.com\/wp-content\/uploads\/2014\/09\/LU-official.png\" target=\"_blank\">ver el correo electr\u00f3nico<\/a>) de El Grupo LEGO para continuar el proyecto.<\/p>\n<p>Alrededor de agosto de 2013, un desacuerdo comenz\u00f3 alrededor del hosting del servidor LUNI. Esto caus\u00f3 una fractura severa en la comunidad (sobre todo entre los desarrolladores, muchos de los cuales decidieron trabajar m\u00e1s en privado). Esto persisti\u00f3 hasta mediados del 2015, cuando a principios de junio una serie de acuerdos y entendimientos caus\u00f3 el Proyecto LUNI Server para reunirse.<\/p>","protected":false},"excerpt":{"rendered":"<p>LUNI (LEGO Universe Nuevamente Imaginado, o LEGO Universe Newly Imagined en Ingl\u00e9s) es un esfuerzo sin fines de lucro por los aficionados que crean un emulador de servidor para el LEGO Universe MMOG, escrito en C ++ con RakNet y MySQL. LEGO Universe, un juego desarrollado por NetDevil para el Grupo LEGO y distribuida por [&hellip;]<\/p>\n","protected":false},"author":1,"featured_media":0,"parent":0,"menu_order":-1,"comment_status":"closed","ping_status":"closed","template":"","meta":{"_bbp_topic_count":0,"_bbp_reply_count":0,"_bbp_total_topic_count":0,"_bbp_total_reply_count":0,"_bbp_voice_count":0,"_bbp_anonymous_reply_count":0,"_bbp_topic_count_hidden":0,"_bbp_reply_count_hidden":0,"_bbp_forum_subforum_count":0,"_monsterinsights_skip_tracking":false,"_monsterinsights_sitenote_active":false,"_monsterinsights_sitenote_note":"","_monsterinsights_sitenote_category":0,"footnotes":""},"class_list":["post-8","page","type-page","status-publish","hentry"],"_links":{"self":[{"href":"https:\/\/luniserver.com\/es\/wp-json\/wp\/v2\/pages\/8","targetHints":{"allow":["GET"]}}],"collection":[{"href":"https:\/\/luniserver.com\/es\/wp-json\/wp\/v2\/pages"}],"about":[{"href":"https:\/\/luniserver.com\/es\/wp-json\/wp\/v2\/types\/page"}],"author":[{"embeddable":true,"href":"https:\/\/luniserver.com\/es\/wp-json\/wp\/v2\/users\/1"}],"replies":[{"embeddable":true,"href":"https:\/\/luniserver.com\/es\/wp-json\/wp\/v2\/comments?post=8"}],"version-history":[{"count":1,"href":"https:\/\/luniserver.com\/es\/wp-json\/wp\/v2\/pages\/8\/revisions"}],"predecessor-version":[{"id":3205,"href":"https:\/\/luniserver.com\/es\/wp-json\/wp\/v2\/pages\/8\/revisions\/3205"}],"wp:attachment":[{"href":"https:\/\/luniserver.com\/es\/wp-json\/wp\/v2\/media?parent=8"}],"curies":[{"name":"wp","href":"https:\/\/api.w.org\/{rel}","templated":true}]}}