{"id":82,"date":"2015-06-27T15:05:28","date_gmt":"2015-06-27T19:05:28","guid":{"rendered":"http:\/\/luniserver.com\/?page_id=82"},"modified":"2015-11-07T13:44:57","modified_gmt":"2015-11-07T18:44:57","slug":"server-0-3","status":"publish","type":"page","link":"https:\/\/luniserver.com\/es\/tutorial\/server-0-3\/","title":{"rendered":"Servidor 0.3"},"content":{"rendered":"<p>Escrito por Jon002, fuertemente editado por Timtech, y traducido por Timtech.<\/p>\n<ol>\n<li>Descargar y extraer el servidor 0.3<\/li>\n<li>Aseg\u00farese de que el redirect_ip=localhost en cada config.ini<\/li>\n<li>Vaya a los archivos del cliente y boot.cfg abierta<\/li>\n<li>Aseg\u00farese de que AUTHSERVERIP es AUTHSERVERIP=0:localhost, y PATCHSERVERIP es PATCHSERVERIP=0:,<\/li>\n<li>Cierre boot.cfg<\/li>\n<li>Ejecute legouniverse.exe<\/li>\n<li>Escribe cualquier nombre de usuario y contrase\u00f1a<\/li>\n<li>Hay cuatro personajes. Eliminar una con la misma contrase\u00f1a que utiliz\u00f3 para iniciar sesi\u00f3n (tienen que coincidir) y eliminar<\/li>\n<li>Puede crear un personaje<\/li>\n<\/ol>\n<p><\/p>","protected":false},"excerpt":{"rendered":"<p>Escrito por Jon002, fuertemente editado por Timtech, y traducido por Timtech. Descargar y extraer el servidor 0.3 Aseg\u00farese de que el redirect_ip=localhost en cada config.ini Vaya a los archivos del cliente y boot.cfg abierta Aseg\u00farese de que AUTHSERVERIP es AUTHSERVERIP=0:localhost, y PATCHSERVERIP es PATCHSERVERIP=0:, Cierre boot.cfg Ejecute legouniverse.exe Escribe cualquier nombre de usuario y contrase\u00f1a [&hellip;]<\/p>\n","protected":false},"author":1,"featured_media":0,"parent":80,"menu_order":0,"comment_status":"closed","ping_status":"closed","template":"","meta":{"_bbp_topic_count":0,"_bbp_reply_count":0,"_bbp_total_topic_count":0,"_bbp_total_reply_count":0,"_bbp_voice_count":0,"_bbp_anonymous_reply_count":0,"_bbp_topic_count_hidden":0,"_bbp_reply_count_hidden":0,"_bbp_forum_subforum_count":0,"_monsterinsights_skip_tracking":false,"_monsterinsights_sitenote_active":false,"_monsterinsights_sitenote_note":"","_monsterinsights_sitenote_category":0,"footnotes":""},"class_list":["post-82","page","type-page","status-publish","hentry"],"_links":{"self":[{"href":"https:\/\/luniserver.com\/es\/wp-json\/wp\/v2\/pages\/82","targetHints":{"allow":["GET"]}}],"collection":[{"href":"https:\/\/luniserver.com\/es\/wp-json\/wp\/v2\/pages"}],"about":[{"href":"https:\/\/luniserver.com\/es\/wp-json\/wp\/v2\/types\/page"}],"author":[{"embeddable":true,"href":"https:\/\/luniserver.com\/es\/wp-json\/wp\/v2\/users\/1"}],"replies":[{"embeddable":true,"href":"https:\/\/luniserver.com\/es\/wp-json\/wp\/v2\/comments?post=82"}],"version-history":[{"count":1,"href":"https:\/\/luniserver.com\/es\/wp-json\/wp\/v2\/pages\/82\/revisions"}],"predecessor-version":[{"id":2021,"href":"https:\/\/luniserver.com\/es\/wp-json\/wp\/v2\/pages\/82\/revisions\/2021"}],"up":[{"embeddable":true,"href":"https:\/\/luniserver.com\/es\/wp-json\/wp\/v2\/pages\/80"}],"wp:attachment":[{"href":"https:\/\/luniserver.com\/es\/wp-json\/wp\/v2\/media?parent=82"}],"curies":[{"name":"wp","href":"https:\/\/api.w.org\/{rel}","templated":true}]}}